{"id":2,"date":"2017-04-02T14:22:59","date_gmt":"2017-04-02T12:22:59","guid":{"rendered":"http:\/\/wp12911386.server-he.de\/fewo-wsb\/?page_id=2"},"modified":"2022-03-06T21:01:31","modified_gmt":"2022-03-06T20:01:31","slug":"beispiel-seite","status":"publish","type":"page","link":"https:\/\/fewo-waldsteinberg.de\/","title":{"rendered":"Ferienwohnung in Waldsteinberg"},"content":{"rendered":"<p>Unsere idyllisch gelegene Ferienwohnung in Waldsteinberg \u2026<br \/>\n<div id=\"metaslider-id-78\" style=\"max-width: 700px;\" class=\"ml-slider-3-97-0 metaslider metaslider-flex metaslider-78 ml-slider ms-theme-default\" role=\"region\" aria-roledescription=\"Slideshow\" aria-label=\"Neue Diashow\" data-width=\"700\">\n    <div id=\"metaslider_container_78\">\n        <div id=\"metaslider_78\">\n            <ul class='slides'>\n                <li style=\"display: block; width: 100%;\" class=\"slide-164 ms-image \" aria-roledescription=\"slide\" aria-label=\"slide-164\" data-date=\"2018-02-14 21:52:34\"><img loading=\"lazy\" decoding=\"async\" src=\"https:\/\/wp12911386.server-he.de\/fewo-wsb\/wp-content\/uploads\/2018\/02\/Foto-15.01.18-13-50-45-Kopie-700x300.jpg\" height=\"300\" width=\"700\" alt=\"\" class=\"slider-78 slide-164\" \/><\/li>\n                <li style=\"display: none; width: 100%;\" class=\"slide-147 ms-image \" aria-roledescription=\"slide\" aria-label=\"slide-147\" data-date=\"2018-02-04 21:43:14\"><img loading=\"lazy\" decoding=\"async\" src=\"https:\/\/wp12911386.server-he.de\/fewo-wsb\/wp-content\/uploads\/2018\/02\/Foto-15.01.18-13-51-56-700x300.jpg\" height=\"300\" width=\"700\" alt=\"\" class=\"slider-78 slide-147\" \/><\/li>\n                <li style=\"display: none; width: 100%;\" class=\"slide-165 ms-image \" aria-roledescription=\"slide\" aria-label=\"slide-165\" data-date=\"2018-02-14 21:53:24\"><img loading=\"lazy\" decoding=\"async\" src=\"https:\/\/wp12911386.server-he.de\/fewo-wsb\/wp-content\/uploads\/2018\/02\/Foto-15.01.18-13-51-01-Kopie-700x300.jpg\" height=\"300\" width=\"700\" alt=\"\" class=\"slider-78 slide-165\" \/><\/li>\n                <li style=\"display: none; width: 100%;\" class=\"slide-166 ms-image \" aria-roledescription=\"slide\" aria-label=\"slide-166\" data-date=\"2018-02-14 21:54:01\"><img loading=\"lazy\" decoding=\"async\" src=\"https:\/\/wp12911386.server-he.de\/fewo-wsb\/wp-content\/uploads\/2018\/02\/Foto-15.01.18-13-54-05-Kopie-700x300.jpg\" height=\"300\" width=\"700\" alt=\"\" class=\"slider-78 slide-166\" \/><\/li>\n                <li style=\"display: none; width: 100%;\" class=\"slide-168 ms-image \" aria-roledescription=\"slide\" aria-label=\"slide-168\" data-date=\"2018-02-14 21:55:13\"><img loading=\"lazy\" decoding=\"async\" src=\"https:\/\/wp12911386.server-he.de\/fewo-wsb\/wp-content\/uploads\/2018\/02\/Foto-15.01.18-14-00-40-700x300.jpg\" height=\"300\" width=\"700\" alt=\"\" class=\"slider-78 slide-168\" \/><\/li>\n                <li style=\"display: none; width: 100%;\" class=\"slide-167 ms-image \" aria-roledescription=\"slide\" aria-label=\"slide-167\" data-date=\"2018-02-14 21:54:45\"><img loading=\"lazy\" decoding=\"async\" src=\"https:\/\/wp12911386.server-he.de\/fewo-wsb\/wp-content\/uploads\/2018\/02\/Foto-15.01.18-13-57-49-Kopie-700x300.jpg\" height=\"300\" width=\"700\" alt=\"\" class=\"slider-78 slide-167\" \/><\/li>\n                <li style=\"display: none; width: 100%;\" class=\"slide-169 ms-image \" aria-roledescription=\"slide\" aria-label=\"slide-169\" data-date=\"2018-02-14 21:56:11\"><img loading=\"lazy\" decoding=\"async\" src=\"https:\/\/wp12911386.server-he.de\/fewo-wsb\/wp-content\/uploads\/2018\/02\/Foto-15.01.18-13-58-47-700x300.jpg\" height=\"300\" width=\"700\" alt=\"\" class=\"slider-78 slide-169\" \/><\/li>\n            <\/ul>\n        <\/div>\n        \n    <\/div>\n<\/div><\/p>\n<p>\u2026 l\u00e4dt ein zum Wandern, Radeln, Pilze sammeln und Entspannen.<\/p>\n<p style=\"text-align: left;\">Genie\u00dfen Sie in Mitten der Natur die Ruhe und Erholsamkeit in einer modernen Ferienwohnung f\u00fcr 2-3 Personen mit K\u00fcche, Bad, Wohn-\/Schlafzimmer mit TV ab 80,-\u20ac. Auch eine kleine Terrasse und ein Grillplatz stehen Ihnen zur Verf\u00fcgung.<\/p>\n","protected":false},"excerpt":{"rendered":"<p>Unsere idyllisch gelegene Ferienwohnung in Waldsteinberg \u2026 \u2026 l\u00e4dt ein zum Wandern, Radeln, Pilze sammeln und Entspannen. Genie\u00dfen Sie in Mitten der Natur die Ruhe und Erholsamkeit in einer modernen Ferienwohnung f\u00fcr 2-3 Personen mit K\u00fcche, Bad, Wohn-\/Schlafzimmer mit TV ab 80,-\u20ac. Auch eine kleine Terrasse und ein Grillplatz stehen Ihnen zur Verf\u00fcgung.<\/p>\n","protected":false},"author":1,"featured_media":0,"parent":0,"menu_order":0,"comment_status":"closed","ping_status":"open","template":"","meta":{"footnotes":""},"class_list":["post-2","page","type-page","status-publish","hentry"],"_links":{"self":[{"href":"https:\/\/fewo-waldsteinberg.de\/index.php?rest_route=\/wp\/v2\/pages\/2","targetHints":{"allow":["GET"]}}],"collection":[{"href":"https:\/\/fewo-waldsteinberg.de\/index.php?rest_route=\/wp\/v2\/pages"}],"about":[{"href":"https:\/\/fewo-waldsteinberg.de\/index.php?rest_route=\/wp\/v2\/types\/page"}],"author":[{"embeddable":true,"href":"https:\/\/fewo-waldsteinberg.de\/index.php?rest_route=\/wp\/v2\/users\/1"}],"replies":[{"embeddable":true,"href":"https:\/\/fewo-waldsteinberg.de\/index.php?rest_route=%2Fwp%2Fv2%2Fcomments&post=2"}],"version-history":[{"count":17,"href":"https:\/\/fewo-waldsteinberg.de\/index.php?rest_route=\/wp\/v2\/pages\/2\/revisions"}],"predecessor-version":[{"id":224,"href":"https:\/\/fewo-waldsteinberg.de\/index.php?rest_route=\/wp\/v2\/pages\/2\/revisions\/224"}],"wp:attachment":[{"href":"https:\/\/fewo-waldsteinberg.de\/index.php?rest_route=%2Fwp%2Fv2%2Fmedia&parent=2"}],"curies":[{"name":"wp","href":"https:\/\/api.w.org\/{rel}","templated":true}]}}